{"id":9,"date":"2017-08-29T13:53:12","date_gmt":"2017-08-29T11:53:12","guid":{"rendered":"http:\/\/alosteo.fr\/wordpress\/?page_id=9"},"modified":"2019-02-10T12:44:20","modified_gmt":"2019-02-10T11:44:20","slug":"a-propos-de","status":"publish","type":"page","link":"https:\/\/www.alosteo.fr\/?page_id=9","title":{"rendered":"\u00c0 propos de"},"content":{"rendered":"<p>L&#8217;Ost\u00e9opathie effectu\u00e9e \u00e0 votre domicile vous permettra d&#8217;obtenir le m\u00eame soin que dans un cabinet sans vous d\u00e9placer.<\/p>\n<p>Selon l\u2019OMS (Organisation Mondiale de la Sant\u00e9), l&#8217;ost\u00e9opathie est un syst\u00e8me reconnu de diagnostic et de traitement, qui met l&#8217;accent sur l&#8217;int\u00e9grit\u00e9 structurelle et fonctionnelle du corps. Elle se distingue par le fait qu\u2019elle reconna\u00eet qu\u2019une grande partie de la douleur et de l\u2019invalidit\u00e9 dont nous souffrons sont dues \u00e0 des anomalies dans le fonctionnement de la structure du corps ainsi qu\u2019aux dommages caus\u00e9s par la maladie.<\/p>\n","protected":false},"excerpt":{"rendered":"<p>L&#8217;Ost\u00e9opathie effectu\u00e9e \u00e0 votre domicile vous permettra d&#8217;obtenir le m\u00eame soin que dans un cabinet sans vous d\u00e9placer. Selon l\u2019OMS (Organisation Mondiale de la Sant\u00e9), l&#8217;ost\u00e9opathie est un syst\u00e8me reconnu de diagnostic et de traitement, qui met l&#8217;accent sur l&#8217;int\u00e9grit\u00e9 structurelle et fonctionnelle du corps. Elle se distingue par le fait qu\u2019elle reconna\u00eet qu\u2019une grande &hellip; <\/p>\n<p class=\"link-more\"><a href=\"https:\/\/www.alosteo.fr\/?page_id=9\" class=\"more-link\">Continuer la lecture<span class=\"screen-reader-text\"> de &laquo;&nbsp;\u00c0 propos de&nbsp;&raquo;<\/span><\/a><\/p>\n","protected":false},"author":1,"featured_media":31,"parent":0,"menu_order":0,"comment_status":"closed","ping_status":"closed","template":"","meta":[],"_links":{"self":[{"href":"https:\/\/www.alosteo.fr\/index.php?rest_route=\/wp\/v2\/pages\/9"}],"collection":[{"href":"https:\/\/www.alosteo.fr\/index.php?rest_route=\/wp\/v2\/pages"}],"about":[{"href":"https:\/\/www.alosteo.fr\/index.php?rest_route=\/wp\/v2\/types\/page"}],"author":[{"embeddable":true,"href":"https:\/\/www.alosteo.fr\/index.php?rest_route=\/wp\/v2\/users\/1"}],"replies":[{"embeddable":true,"href":"https:\/\/www.alosteo.fr\/index.php?rest_route=%2Fwp%2Fv2%2Fcomments&post=9"}],"version-history":[{"count":4,"href":"https:\/\/www.alosteo.fr\/index.php?rest_route=\/wp\/v2\/pages\/9\/revisions"}],"predecessor-version":[{"id":97,"href":"https:\/\/www.alosteo.fr\/index.php?rest_route=\/wp\/v2\/pages\/9\/revisions\/97"}],"wp:featuredmedia":[{"embeddable":true,"href":"https:\/\/www.alosteo.fr\/index.php?rest_route=\/wp\/v2\/media\/31"}],"wp:attachment":[{"href":"https:\/\/www.alosteo.fr\/index.php?rest_route=%2Fwp%2Fv2%2Fmedia&parent=9"}],"curies":[{"name":"wp","href":"https:\/\/api.w.org\/{rel}","templated":true}]}}