{"id":8,"date":"2017-08-29T13:53:12","date_gmt":"2017-08-29T11:53:12","guid":{"rendered":"http:\/\/alosteo.fr\/wordpress\/?page_id=8"},"modified":"2019-02-10T12:43:14","modified_gmt":"2019-02-10T11:43:14","slug":"accueil","status":"publish","type":"page","link":"https:\/\/www.alosteo.fr\/","title":{"rendered":"Accueil"},"content":{"rendered":"<p align=\"JUSTIFY\"><span style=\"color: #000000;\"><span style=\"font-family: Garamond, serif;\"><span style=\"font-size: x-large;\"><b>L\u2019ost\u00e9opathie<\/b><\/span><\/span><\/span><b> <\/b><span style=\"color: #000000;\"><span style=\"font-family: Garamond, serif;\"><span style=\"font-size: large;\"><b>a plus de cent ans. Elle appr\u00e9hende le corps dans sa globalit\u00e9, colonne vert\u00e9brale, cr\u00e2ne, membres et visc\u00e8res. Elle ne pr\u00e9tend nullement se substituer \u00e0 la m\u00e9decine ou \u00e0 la chirurgie. Elle en est un compl\u00e9ment.<\/b><\/span><\/span><\/span><\/p>\n<p align=\"JUSTIFY\"><span style=\"font-family: Garamond, serif;\"><span style=\"font-size: large;\"><b>La manipulation vert\u00e9brale, cr\u00e2nienne ou visc\u00e9rale exige une formation et une pratique exclusive. L\u2019ost\u00e9opathe ne traite pas les sympt\u00f4mes mais leur origine. C\u2019est le fondement de sa discipline.<\/b><\/span><\/span><\/p>\n<p align=\"JUSTIFY\"><span style=\"color: #000000;\"><span style=\"font-family: Garamond, serif;\"><span style=\"font-size: large;\"><b>L\u2019ost\u00e9opathe \u00e9tablit son diagnostic en examinant les zones qui manquent de mobilit\u00e9. Il n\u2019intervient qu\u2019avec ses mains, directement sur les tissus en l\u00e9sion.<\/b><\/span><\/span><\/span><\/p>\n","protected":false},"excerpt":{"rendered":"<p>L\u2019ost\u00e9opathie a plus de cent ans. Elle appr\u00e9hende le corps dans sa globalit\u00e9, colonne vert\u00e9brale, cr\u00e2ne, membres et visc\u00e8res. Elle ne pr\u00e9tend nullement se substituer \u00e0 la m\u00e9decine ou \u00e0 la chirurgie. Elle en est un compl\u00e9ment. La manipulation vert\u00e9brale, cr\u00e2nienne ou visc\u00e9rale exige une formation et une pratique exclusive. L\u2019ost\u00e9opathe ne traite pas les &hellip; <\/p>\n<p class=\"link-more\"><a href=\"https:\/\/www.alosteo.fr\/\" class=\"more-link\">Continuer la lecture<span class=\"screen-reader-text\"> de &laquo;&nbsp;Accueil&nbsp;&raquo;<\/span><\/a><\/p>\n","protected":false},"author":1,"featured_media":0,"parent":0,"menu_order":0,"comment_status":"closed","ping_status":"closed","template":"","meta":[],"_links":{"self":[{"href":"https:\/\/www.alosteo.fr\/index.php?rest_route=\/wp\/v2\/pages\/8"}],"collection":[{"href":"https:\/\/www.alosteo.fr\/index.php?rest_route=\/wp\/v2\/pages"}],"about":[{"href":"https:\/\/www.alosteo.fr\/index.php?rest_route=\/wp\/v2\/types\/page"}],"author":[{"embeddable":true,"href":"https:\/\/www.alosteo.fr\/index.php?rest_route=\/wp\/v2\/users\/1"}],"replies":[{"embeddable":true,"href":"https:\/\/www.alosteo.fr\/index.php?rest_route=%2Fwp%2Fv2%2Fcomments&post=8"}],"version-history":[{"count":2,"href":"https:\/\/www.alosteo.fr\/index.php?rest_route=\/wp\/v2\/pages\/8\/revisions"}],"predecessor-version":[{"id":38,"href":"https:\/\/www.alosteo.fr\/index.php?rest_route=\/wp\/v2\/pages\/8\/revisions\/38"}],"wp:attachment":[{"href":"https:\/\/www.alosteo.fr\/index.php?rest_route=%2Fwp%2Fv2%2Fmedia&parent=8"}],"curies":[{"name":"wp","href":"https:\/\/api.w.org\/{rel}","templated":true}]}}